{"id":761,"date":"2019-02-28T23:18:12","date_gmt":"2019-03-01T06:18:12","guid":{"rendered":"http:\/\/fts.uas.edu.mx\/?page_id=761"},"modified":"2023-06-29T12:59:37","modified_gmt":"2023-06-29T19:59:37","slug":"movilidad-estudiantil","status":"publish","type":"page","link":"https:\/\/fts.uas.edu.mx\/?page_id=761","title":{"rendered":"VINCULACI\u00d3N Y SERVICIOS PROFESIONALES"},"content":{"rendered":"<h1 style=\"text-align: center;\"><span style=\"color: #000000;\"><strong>COORDINACI\u00d3N DE VINCULACI\u00d3N Y SERVICIOS PROFESIONALES.<\/strong><\/span><\/h1>\n<p>Esta instancia, que conjuntamente con la direcci\u00f3n, se encarga de organizar y coordinar las actividades de vinculaci\u00f3n e intercambio acad\u00e9mico y movilidad estudiantil con instituciones educativas, organismos sociales regionales, nacionales e internacionales.<\/p>\n<h3><span style=\"color: #000000;\">BECAS<\/span><\/h3>\n<p>La <strong>Coordinaci\u00f3n Nacional de becas para el Bienestar Benito Ju\u00e1rez<\/strong> (CNBBBJ), fue creada con el objetivo de garantizar el ejercicio del derecho a la educaci\u00f3n en condiciones de igualdad a ni\u00f1as, ni\u00f1os, adolescentes y j\u00f3venes, as\u00ed como contribuir a la disminuci\u00f3n de la deserci\u00f3n escolar a nivel nacional, sobre todo en localidades prioritarias, que son aquellas que est\u00e1n catalogadas como ind\u00edgenas por el Instituto Nacional de los Pueblos Ind\u00edgenas y\/o por su grado de marginaci\u00f3n por el Consejo Nacional de Poblaci\u00f3n.<\/p>\n<h3><span style=\"color: #000000;\"><strong>Registro en el SUBES (Sistema \u00danico de Becas de Educaci\u00f3n Superior).<\/strong><\/span><\/h3>\n<p>Para hacer tu registro en el sistema SUBES debes hacer lo siguiente:<\/p>\n<ol>\n<li>Ingresar a https:\/\/subes.becasbenitojuarez.gob.mx\/ y da clic en Reg\u00edstrate aqu\u00ed<\/li>\n<li>\u00a0Consulta el Aviso de privacidad integral<\/li>\n<li>\u00a0A completar los siguientes campos:<br \/>\n1. CURP<br \/>\n2. Correo electr\u00f3nico personal<br \/>\n3. Crear una contrase\u00f1a<br \/>\n4. Capturar el c\u00f3digo Captcha<\/li>\n<li>Puedes recuperarla dando clic en Olvid\u00e9 mi contrase\u00f1a.<\/li>\n<li>En caso de que ya no tengas acceso al correo electr\u00f3nico proporcionado al crear tu cuenta SUBES podr\u00e1s cambiarlo, para esto, debes acudir al departamento de Vinculaci\u00f3n.<\/li>\n<\/ol>\n<p>&nbsp;<\/p>\n<h3><span style=\"color: #000000;\"><strong>Datos para solicitar una beca<\/strong><\/span><\/h3>\n<ul>\n<li>Informaci\u00f3n personal: Registra los datos de tu domicilio y tu informaci\u00f3n b\u00e1sica.<\/li>\n<li>Informaci\u00f3n escolar\/docente: Debe contener los datos acad\u00e9micos. Esta la registra el responsable del departamento de Vinculaci\u00f3n; para ello es necesario que entregues:\n<ul>\n<li>Kardex.<\/li>\n<li>CURP.<\/li>\n<\/ul>\n<\/li>\n<li>\u00a0Solicitudes de beca: En esta secci\u00f3n encontrar\u00e1s las convocatorias de las becas que se encuentran disponibles; antes de dar clic en \u201cSOLICITAR ESTA BECA\u201d, lee la convocatoria y nombre correcto de la beca que te interesa.<\/li>\n<\/ul>\n<p>&nbsp;<\/p>\n<h3><span style=\"color: #000000;\">MOVILIDAD ESTUDIANTIL<\/span><\/h3>\n<p>El Programa de Movilidad Estudiantil de la UAS consiste en realizar la estancia en otras Instituciones de Educaci\u00f3n Superior en M\u00e9xico y en el extranjero con el fin de cursar semestres completos, realizar cursos y talleres, participar en proyectos de investigaci\u00f3n y\/o recibir asesor\u00eda para la conclusi\u00f3n de trabajos de licenciatura o de posgrado.<\/p>\n<p>Objetivo:<br \/>\nFortalecer la formaci\u00f3n acad\u00e9mica y enriquecimiento cultural de la comunidad estudiantil a trav\u00e9s de una estancia en Universidades nacionales o internacionales que complementen los planes de estudio y\/o proyectos de investigaci\u00f3n para el crecimiento profesional de la comunidad universitaria.<\/p>\n<h3><span style=\"color: #000000;\">MOVILIDAD NACIONAL<\/span><\/h3>\n<h4>Requisitos<\/h4>\n<ul>\n<li>Formulario de Movilidad Nacional Saliente<\/li>\n<li>\u00a0Carta compromiso<\/li>\n<li>Carta de autorizaci\u00f3n de padres con copia de su identificaci\u00f3n anexa.<\/li>\n<li>Carta de postulaci\u00f3n de la Unidad acad\u00e9mica.<\/li>\n<li>Kardex con porcentaje de cr\u00e9ditos (44% de cr\u00e9ditos por ECOES o 45% por ANUIES) y promedio m\u00ednimo de 8.5.<\/li>\n<li>Solicitud de movilidad estudiantil de acuerdo al programa a participar (si aplica)<\/li>\n<li>Solicitud de requisitos particulares de la instituci\u00f3n de destino.<\/li>\n<li>Formato de homologaci\u00f3n de materias.<\/li>\n<li>Constancia de materias que cursa actualmente.<\/li>\n<li>Curr\u00edculum vitae (1 cuartilla).<\/li>\n<li>Carta de intenci\u00f3n de motivos (1 cuartilla).<\/li>\n<li>Carta de recomendaci\u00f3n del tutor acad\u00e9mico.<\/li>\n<li>Carta de recomendaci\u00f3n de un miembro de un cuerpo acad\u00e9mico.<\/li>\n<li>Copia de identificaci\u00f3n oficial.<\/li>\n<li>CURP<\/li>\n<li>Certificado m\u00e9dico de buena salud (NO UAS)<\/li>\n<li>Copia de la caratula de contrato de apertura de cuenta Santander.<\/li>\n<li>2 fotograf\u00edas tama\u00f1o infantil.<\/li>\n<li>Vigencia de derecho del Seguro M\u00e9dico.<\/li>\n<\/ul>\n<h3><span style=\"color: #000000;\">MOVILIDAD INTERNACIONAL<\/span><\/h3>\n<ul>\n<li>Formulario de Movilidad Internacional Saliente<\/li>\n<li>Carta compromiso<\/li>\n<li>Carta de autorizaci\u00f3n de padres con copia de su identificaci\u00f3n anexa.<\/li>\n<li>Carta de postulaci\u00f3n de la Unidad acad\u00e9mica.<\/li>\n<li>Kardex con porcentaje de cr\u00e9ditos (m\u00ednimo 40%) y promedio m\u00ednimo de 9.0.<\/li>\n<li>Solicitud de movilidad estudiantil de acuerdo al programa a participar (si aplica)<\/li>\n<li>Solicitud de requisitos particulares de la instituci\u00f3n de destino.<\/li>\n<li>Formato de homologaci\u00f3n de materias.<\/li>\n<li>Constancia de materias que cursa actualmente.<\/li>\n<li>Curr\u00edculum vitae (1 cuartilla).<\/li>\n<li>Carta de intenci\u00f3n de motivos (1 cuartilla).<\/li>\n<li>Carta de recomendaci\u00f3n del tutor acad\u00e9mico.<\/li>\n<li>Carta de recomendaci\u00f3n de un miembro de un cuerpo acad\u00e9mico.<\/li>\n<li>Copia del pasaporte vigente.<\/li>\n<li>CURP<\/li>\n<li>Certificado m\u00e9dico de buena salud (NO UAS)<\/li>\n<li>Copia de la car\u00e1tula de contrato de apertura de cuenta Santander.<\/li>\n<li>2 fotograf\u00edas tama\u00f1o infantil.<\/li>\n<li>Carta compromiso de adquisici\u00f3n de seguro m\u00e9dico.<\/li>\n<\/ul>\n<p>&nbsp;<\/p>\n<p>Nota: Favor de estar al pendiente de las convocatorias en Agosto-Septiembre.<\/p>\n<p>&nbsp;<\/p>\n<h3><span style=\"color: #000000;\">VERANOS CIENT\u00cdFICOS<\/span><\/h3>\n<h3>Programa Delf\u00edn<\/h3>\n<p>El Programa Interinstitucional para el Fortalecimiento de la Investigaci\u00f3n y el Posgrado del Pac\u00edfico (PROGRAMA DELF\u00cdN).<br \/>\nEn este programa de movilidad estudiantil, participan j\u00f3venes con talento y vocaci\u00f3n por la ciencia y la tecnolog\u00eda que, con la experiencia personal y acad\u00e9mica adquirida, deciden integrar la investigaci\u00f3n en sus estudios y formar parte de programas de posgrado en el pa\u00eds y el extranjero.<br \/>\nEl objetivo fundamental, es fomentar la formaci\u00f3n de capital intelectual de alto nivel acad\u00e9mico que en el futuro inmediato contribuyan en el desarrollo regional, nacional e internacional.<\/p>\n<p>https:\/\/dgip.uas.edu.mx\/veranos-cientificos\/<br \/>\nhttps:\/\/www.programadelfin.org.mx<\/p>\n","protected":false},"excerpt":{"rendered":"<p>COORDINACI\u00d3N DE VINCULACI\u00d3N Y SERVICIOS PROFESIONALES. Esta instancia, que conjuntamente con la direcci\u00f3n, se encarga de organizar y coordinar las actividades de vinculaci\u00f3n e intercambio acad\u00e9mico y movilidad estudiantil con instituciones educativas, organismos sociales regionales, nacionales e internacionales. BECAS La Coordinaci\u00f3n Nacional de becas para el Bienestar Benito Ju\u00e1rez (CNBBBJ), fue creada con el objetivo&hellip; <br \/> <a class=\"read-more\" href=\"https:\/\/fts.uas.edu.mx\/?page_id=761\">Leer m\u00e1s<\/a><\/p>\n","protected":false},"author":4,"featured_media":0,"parent":0,"menu_order":0,"comment_status":"closed","ping_status":"closed","template":"","meta":{"_vp_format_video_url":"","_vp_image_focal_point":[],"footnotes":""},"class_list":["post-761","page","type-page","status-publish","hentry"],"_links":{"self":[{"href":"https:\/\/fts.uas.edu.mx\/index.php?rest_route=\/wp\/v2\/pages\/761","targetHints":{"allow":["GET"]}}],"collection":[{"href":"https:\/\/fts.uas.edu.mx\/index.php?rest_route=\/wp\/v2\/pages"}],"about":[{"href":"https:\/\/fts.uas.edu.mx\/index.php?rest_route=\/wp\/v2\/types\/page"}],"author":[{"embeddable":true,"href":"https:\/\/fts.uas.edu.mx\/index.php?rest_route=\/wp\/v2\/users\/4"}],"replies":[{"embeddable":true,"href":"https:\/\/fts.uas.edu.mx\/index.php?rest_route=%2Fwp%2Fv2%2Fcomments&post=761"}],"version-history":[{"count":9,"href":"https:\/\/fts.uas.edu.mx\/index.php?rest_route=\/wp\/v2\/pages\/761\/revisions"}],"predecessor-version":[{"id":2503,"href":"https:\/\/fts.uas.edu.mx\/index.php?rest_route=\/wp\/v2\/pages\/761\/revisions\/2503"}],"wp:attachment":[{"href":"https:\/\/fts.uas.edu.mx\/index.php?rest_route=%2Fwp%2Fv2%2Fmedia&parent=761"}],"curies":[{"name":"wp","href":"https:\/\/api.w.org\/{rel}","templated":true}]}}