{"id":747,"date":"2019-02-28T23:12:29","date_gmt":"2019-03-01T06:12:29","guid":{"rendered":"http:\/\/fts.uas.edu.mx\/?page_id=747"},"modified":"2023-06-29T12:56:57","modified_gmt":"2023-06-29T19:56:57","slug":"nivelacion-de-tec-a-lic-en-trabajo-social","status":"publish","type":"page","link":"https:\/\/fts.uas.edu.mx\/?page_id=747","title":{"rendered":"NIVELACI\u00d3N DE TEC. A LIC. EN TRABAJO SOCIAL"},"content":{"rendered":"<p style=\"text-align: left;\"><span style=\"color: #000000;\"><strong>PROGRAMA DE NIVELACI\u00d3N DE T\u00c9CNICOS A LICENCIATURA EN TRABAJO SOCIAL:<\/strong><\/span><\/p>\n<p style=\"text-align: justify;\"><span style=\"color: #000000;\">Es una modalidad para nivelar t\u00e9cnicos a Licenciados y Licenciadas en Trabajo Social con una duraci\u00f3n de tres semestres (un a\u00f1o y medio), el trabajo acad\u00e9mico se desarrolla en 19 materias, que se operan los d\u00edas viernes en un <strong><em>horario de 3:00 pm a 8:00 pm y los d\u00edas s\u00e1bados de 8:00 a.m. a 2:00 p.m. <\/em><\/strong><\/span><\/p>\n<ul>\n<li style=\"list-style-type: none;\">\n<ul>\n<li style=\"text-align: left;\"><span style=\"color: #000000;\">Una materia se cursa en <strong><em>tres fines de Semana.<\/em><\/strong><\/span><\/li>\n<\/ul>\n<\/li>\n<\/ul>\n<p><span style=\"color: #000000;\"><a style=\"color: #000000;\" href=\"https:\/\/fts.uas.edu.mx\/wp-content\/uploads\/2019\/04\/mapa-curricular-nivelacion.jpg\"><img fetchpriority=\"high\" decoding=\"async\" class=\"aligncenter size-full wp-image-1457\" src=\"https:\/\/fts.uas.edu.mx\/wp-content\/uploads\/2019\/04\/mapa-curricular-nivelacion.jpg\" alt=\"\" width=\"859\" height=\"701\" srcset=\"https:\/\/fts.uas.edu.mx\/wp-content\/uploads\/2019\/04\/mapa-curricular-nivelacion.jpg 859w, https:\/\/fts.uas.edu.mx\/wp-content\/uploads\/2019\/04\/mapa-curricular-nivelacion-300x245.jpg 300w, https:\/\/fts.uas.edu.mx\/wp-content\/uploads\/2019\/04\/mapa-curricular-nivelacion-768x627.jpg 768w, https:\/\/fts.uas.edu.mx\/wp-content\/uploads\/2019\/04\/mapa-curricular-nivelacion-500x408.jpg 500w, https:\/\/fts.uas.edu.mx\/wp-content\/uploads\/2019\/04\/mapa-curricular-nivelacion-800x653.jpg 800w\" sizes=\"(max-width: 859px) 100vw, 859px\" \/><\/a><\/span><\/p>\n<ul>\n<li style=\"text-align: left;\"><span style=\"color: #000000;\"><strong>REQUISITOS DE INGRESO:<\/strong><\/span>\n<ul>\n<li style=\"text-align: left;\"><span style=\"color: #000000;\">T\u00edtulo y cedula de Trabajo Social de Nivelaci\u00f3n T\u00e9cnico.<\/span><\/li>\n<li style=\"text-align: left;\"><span style=\"color: #000000;\">Certificado de Trabajo Social T\u00e9cnico, legalizado por el Gobierno del Estado.<\/span><\/li>\n<li style=\"text-align: left;\"><span style=\"color: #000000;\">Carta de autenticidad Expedida por la Escuela donde Estudio. (excepto UAS).<\/span><\/li>\n<li style=\"text-align: left;\"><span style=\"color: #000000;\">Certificado de Bachillerato, legalizado por el Gobierno de Estado y Carta de Autenticidad Expedida por la Escuela donde estudio (excepto UAS).<\/span><\/li>\n<li style=\"text-align: left;\"><span style=\"color: #000000;\">Acta de Nacimiento original<\/span><\/li>\n<li style=\"text-align: left;\"><span style=\"color: #000000;\">Constancia de Experiencia Profesional con Logotipo de la instituci\u00f3n m\u00ednimo tres a\u00f1os.<\/span><\/li>\n<li style=\"text-align: left;\"><span style=\"color: #000000;\">Copia de la CURP.<\/span><\/li>\n<li style=\"text-align: left;\"><span style=\"color: #000000;\">Copia de la Credencial de Elector.<\/span><\/li>\n<li style=\"text-align: left;\"><span style=\"color: #000000;\">Carta de Exposici\u00f3n de Motivos<\/span><\/li>\n<li style=\"text-align: left;\"><span style=\"color: #000000;\">2 inscripci\u00f3n de $ 1, 500. 00<\/span><\/li>\n<li style=\"text-align: left;\"><span style=\"color: #000000;\">Costo por materia: $700.00<\/span><\/li>\n<li style=\"text-align: left;\"><span style=\"color: #000000;\">Costos Sujetos a revisi\u00f3n de la Nivelaci\u00f3n.<\/span><\/li>\n<\/ul>\n<\/li>\n<\/ul>\n","protected":false},"excerpt":{"rendered":"<p>PROGRAMA DE NIVELACI\u00d3N DE T\u00c9CNICOS A LICENCIATURA EN TRABAJO SOCIAL: Es una modalidad para nivelar t\u00e9cnicos a Licenciados y Licenciadas en Trabajo Social con una duraci\u00f3n de tres semestres (un a\u00f1o y medio), el trabajo acad\u00e9mico se desarrolla en 19 materias, que se operan los d\u00edas viernes en un horario de 3:00 pm a 8:00&hellip; <br \/> <a class=\"read-more\" href=\"https:\/\/fts.uas.edu.mx\/?page_id=747\">Leer m\u00e1s<\/a><\/p>\n","protected":false},"author":4,"featured_media":0,"parent":0,"menu_order":0,"comment_status":"closed","ping_status":"closed","template":"","meta":{"_vp_format_video_url":"","_vp_image_focal_point":[],"footnotes":""},"class_list":["post-747","page","type-page","status-publish","hentry"],"_links":{"self":[{"href":"https:\/\/fts.uas.edu.mx\/index.php?rest_route=\/wp\/v2\/pages\/747","targetHints":{"allow":["GET"]}}],"collection":[{"href":"https:\/\/fts.uas.edu.mx\/index.php?rest_route=\/wp\/v2\/pages"}],"about":[{"href":"https:\/\/fts.uas.edu.mx\/index.php?rest_route=\/wp\/v2\/types\/page"}],"author":[{"embeddable":true,"href":"https:\/\/fts.uas.edu.mx\/index.php?rest_route=\/wp\/v2\/users\/4"}],"replies":[{"embeddable":true,"href":"https:\/\/fts.uas.edu.mx\/index.php?rest_route=%2Fwp%2Fv2%2Fcomments&post=747"}],"version-history":[{"count":5,"href":"https:\/\/fts.uas.edu.mx\/index.php?rest_route=\/wp\/v2\/pages\/747\/revisions"}],"predecessor-version":[{"id":2493,"href":"https:\/\/fts.uas.edu.mx\/index.php?rest_route=\/wp\/v2\/pages\/747\/revisions\/2493"}],"wp:attachment":[{"href":"https:\/\/fts.uas.edu.mx\/index.php?rest_route=%2Fwp%2Fv2%2Fmedia&parent=747"}],"curies":[{"name":"wp","href":"https:\/\/api.w.org\/{rel}","templated":true}]}}