{"id":739,"date":"2019-02-28T23:09:18","date_gmt":"2019-03-01T06:09:18","guid":{"rendered":"http:\/\/fts.uas.edu.mx\/?page_id=739"},"modified":"2023-06-29T12:55:12","modified_gmt":"2023-06-29T19:55:12","slug":"lic-en-trabajo-social-escolarizada","status":"publish","type":"page","link":"https:\/\/fts.uas.edu.mx\/?page_id=739","title":{"rendered":"LIC. EN TRABAJO SOCIAL (ESCOLARIZADA)"},"content":{"rendered":"<h4><strong><span style=\"color: #000000;\">Perfil De Egreso<\/span><\/strong><\/h4>\n<p><span style=\"color: #000000;\">El Licenciado en Trabajo Social se concibe con una formaci\u00f3n amplia, hol\u00edstica en el sentido humano, con habilidades practicas y una conciencia social mayor que otros profesionistas, por el cumulo de conocimientos te\u00f3ricos, pr\u00e1cticos, metodol\u00f3gicos y t\u00e9cnicos, as\u00ed como por su formaci\u00f3n en valores, que sin ser un eje transversal explicito, le da sentido a la formaci\u00f3n humanista inherente a la profesi\u00f3n.<\/span><\/p>\n<h4><span style=\"color: #000000;\"><strong>Duraci\u00f3n:<\/strong> 8 semestres<\/span><\/h4>\n<h4><span style=\"color: #000000;\"><strong>Plan de Estudios:<\/strong><\/span><\/h4>\n<div class=\"text-left\">\n<div class=\"pull-left\">\n<p style=\"text-align: left;\"><span style=\"color: #000000;\"><strong>MATERIAS<\/strong><\/span><\/p>\n<p><span style=\"color: #000000;\"><strong>Primer semestre\u00a0<\/strong><\/span><br \/>\n<span style=\"color: #000000;\">Exploraci\u00f3n de la Pr\u00e1ctica del Trabajo Social I<\/span><br \/>\n<span style=\"color: #000000;\">Especificidad del Trabajo Social I<\/span><br \/>\n<span style=\"color: #000000;\">Teor\u00eda Social<\/span><br \/>\n<span style=\"color: #000000;\">Psicolog\u00eda Social<\/span><br \/>\n<span style=\"color: #000000;\">Comprensi\u00f3n y Producci\u00f3n de Textos Cient\u00edficos<\/span><br \/>\n<span style=\"color: #000000;\">Tecnolog\u00edas de la Informaci\u00f3n y Comunicaci\u00f3n<\/span><\/p>\n<p><span style=\"color: #000000;\"><strong>Segundo semestre<\/strong><\/span><br \/>\n<span style=\"color: #000000;\">Exploraci\u00f3n de la Pr\u00e1ctica del Trabajo Social II<\/span><br \/>\n<span style=\"color: #000000;\">Especificidad del Trabajo Social II\u00a0<\/span><br \/>\n<span style=\"color: #000000;\">Necesidades Sociales<\/span><br \/>\n<span style=\"color: #000000;\">Desarrollo Humano\u00a0 \u00a0<\/span><br \/>\n<span style=\"color: #000000;\">Pensamiento Cr\u00edtico y Soluci\u00f3n de Problemas<\/span><br \/>\n<span style=\"color: #000000;\">Ingl\u00e9s B\u00e1sico<\/span><\/p>\n<p><span style=\"color: #000000;\"><strong>Tercer semestre<\/strong><\/span><br \/>\n<span style=\"color: #000000;\">Pr\u00e1ctica del Trabajo Social en Instituci\u00f3n I<\/span><br \/>\n<span style=\"color: #000000;\">Diagn\u00f3stico Social<\/span><br \/>\n<span style=\"color: #000000;\">Pol\u00edtica Social I\u00a0<\/span><br \/>\n<span style=\"color: #000000;\">Derecho I\u00a0 \u00a0 \u00a0 \u00a0 \u00a0<\/span><br \/>\n<span style=\"color: #000000;\">Cultura y Estilos de Vida<\/span><br \/>\n<span style=\"color: #000000;\">\u00c9tica y Deontolog\u00eda del Trabajo Social<\/span><br \/>\n<span style=\"color: #000000;\">Comprensi\u00f3n de Textos en ingl\u00e9s<\/span><\/p>\n<p><span style=\"color: #000000;\"><strong>Cuarto semestre<\/strong><\/span><br \/>\n<span style=\"color: #000000;\">Pr\u00e1ctica del Trabajo Social en Instituci\u00f3n II<\/span><br \/>\n<span style=\"color: #000000;\">Pol\u00edtica Social II<\/span><br \/>\n<span style=\"color: #000000;\">Taller de Mediaci\u00f3n y Resoluci\u00f3n Alternativa de Conflictos<\/span><br \/>\n<span style=\"color: #000000;\">Derecho II<\/span><br \/>\n<span style=\"color: #000000;\">Epistemolog\u00eda de las Ciencias Sociales<\/span><br \/>\n<span style=\"color: #000000;\">Problemas Sociales Contempor\u00e1neos<\/span><br \/>\n<span style=\"color: #000000;\">Pedagog\u00eda Social<\/span><\/p>\n<p><span style=\"color: #000000;\"><strong>Quinto semestre<\/strong><\/span><br \/>\n<span style=\"color: #000000;\">Pr\u00e1ctica del Trabajo Social en Comunidad I<\/span><br \/>\n<span style=\"color: #000000;\">Metodolog\u00eda de la Investigaci\u00f3n Social<\/span><br \/>\n<span style=\"color: #000000;\">Econom\u00eda y Globalizaci\u00f3n<\/span><br \/>\n<span style=\"color: #000000;\">Educaci\u00f3n para la Salud<\/span><br \/>\n<span style=\"color: #000000;\">Estad\u00edstica Descriptiva y An\u00e1lisis Cuantitativo<\/span><br \/>\n<span style=\"color: #000000;\">Educaci\u00f3n Ambiental<\/span><\/p>\n<p><span style=\"color: #000000;\"><strong>Sexto semestre<\/strong><\/span><br \/>\n<span style=\"color: #000000;\">Pr\u00e1ctica del Trabajo Social en Comunidad II<\/span><br \/>\n<span style=\"color: #000000;\">Seminario de Investigaci\u00f3n Social<\/span><br \/>\n<span style=\"color: #000000;\">Desarrollo Regional<\/span><br \/>\n<span style=\"color: #000000;\">Gobernabilidad y Democracia<\/span><br \/>\n<span style=\"color: #000000;\">Familia y Vida Cotidiana<\/span><br \/>\n<span style=\"color: #000000;\">Estad\u00edstica y An\u00e1lisis Cualitativo<\/span><\/p>\n<p><span style=\"color: #000000;\"><strong>S\u00e9ptimo semestre<\/strong><\/span><br \/>\n<span style=\"color: #000000;\">Seminario de Sistematizaci\u00f3n<\/span><br \/>\n<span style=\"color: #000000;\">Emprendedurismo y Trabajo Social Independiente<\/span><br \/>\n<span style=\"color: #000000;\">Optativa I<\/span><\/p>\n<p><span style=\"color: #000000;\"><strong>Octavo semestre<\/strong><\/span><br \/>\n<span style=\"color: #000000;\">Pr\u00e1cticas de Intervenci\u00f3n Profesional<\/span><br \/>\n<span style=\"color: #000000;\">Optativa II<\/span><br \/>\n<span style=\"color: #000000;\">Optativa III<\/span><\/p>\n<h4 style=\"text-align: left;\"><span style=\"color: #000000;\"><strong>Materias Optativas<\/strong><\/span><\/h4>\n<ul>\n<li style=\"text-align: left;\"><span style=\"color: #000000;\">Asistencia Social<\/span><br \/>\n<span style=\"color: #000000;\">Trabajo Social en la Asistencia Social<\/span><br \/>\n<span style=\"color: #000000;\">&#8211; Grupos Vulnerables y Pol\u00edtica Social<\/span><br \/>\n<span style=\"color: #000000;\">&#8211; Pol\u00edtica de Evaluaci\u00f3n de Programas de Asistencia Social<\/span><\/li>\n<li style=\"text-align: left;\"><span style=\"color: #000000;\">Promoci\u00f3n Social<\/span><br \/>\n<span style=\"color: #000000;\">&#8211; Desarrollo Sociocultural<\/span><br \/>\n<span style=\"color: #000000;\">&#8211; Educaci\u00f3n y Participaci\u00f3n Social<\/span><br \/>\n<span style=\"color: #000000;\">&#8211; Trabajo Social y Gesti\u00f3n Sociocultural<\/span><\/li>\n<li style=\"text-align: left;\"><span style=\"color: #000000;\">Salud<\/span><br \/>\n<span style=\"color: #000000;\">&#8211; Trabajo Social y Salud Social<\/span><br \/>\n<span style=\"color: #000000;\">&#8211; Salud y Familia<\/span><br \/>\n<span style=\"color: #000000;\">&#8211; Psicolog\u00eda de la Salud<\/span><\/li>\n<li style=\"text-align: left;\"><span style=\"color: #000000;\">Jur\u00eddico<\/span><br \/>\n<span style=\"color: #000000;\">&#8211; Trabajo Social Jur\u00eddico<\/span><br \/>\n<span style=\"color: #000000;\">&#8211; Trabajo Social Penitenciario<\/span><br \/>\n<span style=\"color: #000000;\">&#8211; Trabajo Social en los Procesos de Procuraci\u00f3n e Impartici\u00f3n de Justicia<\/span><\/li>\n<li style=\"text-align: left;\"><span style=\"color: #000000;\">Educaci\u00f3n<\/span><br \/>\n<span style=\"color: #000000;\">&#8211; Trabajo Social en Educaci\u00f3n<\/span><br \/>\n<span style=\"color: #000000;\">&#8211; Psicolog\u00eda Educativa<\/span><br \/>\n<span style=\"color: #000000;\">&#8211; Trabajo Social y Educaci\u00f3n Especial<\/span><\/li>\n<li style=\"text-align: left;\"><span style=\"color: #000000;\">Empresarial<\/span><br \/>\n<span style=\"color: #000000;\">&#8211; Trabajo Social Laboral<\/span><br \/>\n<span style=\"color: #000000;\">&#8211; Trabajo Social Organizacional<\/span><br \/>\n<span style=\"color: #000000;\">&#8211; Trabajo Social en la Administraci\u00f3n de los Recursos Humanos<\/span><\/li>\n<\/ul>\n<\/div>\n<div class=\"text-center\">\n<p><span style=\"color: #000000;\"><strong>CREDITOS<\/strong><\/span><\/p>\n<p><span style=\"color: #ffffff;\"><strong>Primer semestre\u00a0<\/strong><\/span><br \/>\n<span style=\"color: #000000;\">16<\/span><br \/>\n<span style=\"color: #000000;\">6<\/span><br \/>\n<span style=\"color: #000000;\">5<\/span><br \/>\n<span style=\"color: #000000;\">5<\/span><br \/>\n<span style=\"color: #000000;\">5<\/span><br \/>\n<span style=\"color: #000000;\">5<\/span><\/p>\n<p><span style=\"color: #ffffff;\"><strong>Segundo semestre\u00a0<\/strong><\/span><br \/>\n<span style=\"color: #000000;\">16<\/span><br \/>\n<span style=\"color: #000000;\">6<\/span><br \/>\n<span style=\"color: #000000;\">5<\/span><br \/>\n<span style=\"color: #000000;\">5<\/span><br \/>\n<span style=\"color: #000000;\">5<\/span><br \/>\n<span style=\"color: #000000;\">5<\/span><\/p>\n<p><span style=\"color: #ffffff;\"><strong>Tercer semestre\u00a0<\/strong><\/span><br \/>\n<span style=\"color: #000000;\">16<\/span><br \/>\n<span style=\"color: #000000;\">5<\/span><br \/>\n<span style=\"color: #000000;\">5<\/span><br \/>\n<span style=\"color: #000000;\">5<\/span><br \/>\n<span style=\"color: #000000;\">5<\/span><br \/>\n<span style=\"color: #000000;\">5<\/span><br \/>\n<span style=\"color: #000000;\">5<\/span><\/p>\n<p><span style=\"color: #000000;\"><strong><span style=\"color: #ffffff;\">Cuarto semestre<\/span>\u00a0<\/strong><\/span><br \/>\n<span style=\"color: #000000;\">16<\/span><br \/>\n<span style=\"color: #000000;\">5<\/span><br \/>\n<span style=\"color: #000000;\">5<\/span><br \/>\n<span style=\"color: #000000;\">5<\/span><br \/>\n<span style=\"color: #000000;\">5<\/span><br \/>\n<span style=\"color: #000000;\">5<\/span><br \/>\n<span style=\"color: #000000;\">5<\/span><\/p>\n<p><span style=\"color: #ffffff;\"><strong>Quinto semestre\u00a0<\/strong><\/span><br \/>\n<span style=\"color: #000000;\">16<\/span><br \/>\n<span style=\"color: #000000;\">5<\/span><br \/>\n<span style=\"color: #000000;\">5<\/span><br \/>\n<span style=\"color: #000000;\">5<\/span><br \/>\n<span style=\"color: #000000;\">5<\/span><br \/>\n<span style=\"color: #000000;\">5<\/span><\/p>\n<p><span style=\"color: #ffffff;\"><strong>Sexto semestre<\/strong><\/span><br \/>\n<span style=\"color: #000000;\">16<\/span><br \/>\n<span style=\"color: #000000;\">5<\/span><br \/>\n<span style=\"color: #000000;\">5<\/span><br \/>\n<span style=\"color: #000000;\">5<\/span><br \/>\n<span style=\"color: #000000;\">5<\/span><br \/>\n<span style=\"color: #000000;\">5<\/span><\/p>\n<p><span style=\"color: #ffffff;\"><strong>S\u00e9ptimo semestre<\/strong><\/span><br \/>\n<span style=\"color: #000000;\">16<\/span><br \/>\n<span style=\"color: #000000;\">5<\/span><br \/>\n<span style=\"color: #000000;\">5<\/span><\/p>\n<p><span style=\"color: #ffffff;\"><strong>Octavo semestre<\/strong><\/span><br \/>\n<span style=\"color: #000000;\">16<\/span><br \/>\n<span style=\"color: #000000;\">5<\/span><br \/>\n<span style=\"color: #000000;\">5<\/span><\/p>\n<\/div>\n<\/div>\n<h4><span style=\"color: #000000;\">CAMPOS DE DESARROLLO PROFESIONAL<\/span><\/h4>\n<h4 style=\"padding-left: 40px;\"><span style=\"color: #000000;\"><strong>TRADICIONALES<\/strong><\/span><\/h4>\n<ul>\n<li style=\"list-style-type: none;\">\n<ul>\n<li><span style=\"color: #000000;\">Asistencia Social.<\/span><\/li>\n<li><span style=\"color: #000000;\">Salud.<\/span><\/li>\n<li><span style=\"color: #000000;\">Educaci\u00f3n.<\/span><\/li>\n<li><span style=\"color: #000000;\">Penitenciaria.<\/span><\/li>\n<li><span style=\"color: #000000;\">Desarrollo Comunitario.<\/span><\/li>\n<li><span style=\"color: #000000;\">Vivienda<\/span><\/li>\n<\/ul>\n<\/li>\n<\/ul>\n<h4 style=\"padding-left: 40px;\"><span style=\"color: #000000;\">POTENCIALES<\/span><\/h4>\n<ul>\n<li style=\"list-style-type: none;\">\n<ul>\n<li><span style=\"color: #000000;\">Empresarial.<\/span><\/li>\n<li><span style=\"color: #000000;\">Promoci\u00f3n Social.<\/span><\/li>\n<li><span style=\"color: #000000;\">Procuraci\u00f3n de Justicia.<\/span><\/li>\n<li><span style=\"color: #000000;\">Urbanismo.<\/span><\/li>\n<li><span style=\"color: #000000;\">Investigaci\u00f3n.<\/span><\/li>\n<li><span style=\"color: #000000;\">Capacitaci\u00f3n y Desarrollo en RH.<\/span><\/li>\n<\/ul>\n<\/li>\n<\/ul>\n<h4 style=\"padding-left: 40px;\"><span style=\"color: #000000;\">EMERGENTES<\/span><\/h4>\n<ul>\n<li style=\"list-style-type: none;\">\n<ul>\n<li style=\"list-style-type: none;\">\n<ul>\n<li><span style=\"color: #000000;\">Medio Ambiente.<\/span><\/li>\n<li><span style=\"color: #000000;\">Situaci\u00f3n de Riesgo o Desastre.<\/span><\/li>\n<li><span style=\"color: #000000;\">Desarrollo Municipal y Regional.<\/span><\/li>\n<li><span style=\"color: #000000;\">Grupos Vulnerables.<\/span><\/li>\n<li><span style=\"color: #000000;\">Derechos Humanos.<\/span><\/li>\n<\/ul>\n<\/li>\n<\/ul>\n<\/li>\n<\/ul>\n<p>&nbsp;<\/p>\n<h4><span style=\"color: #000000;\">ALGUNAS DE LAS ACTIVIDADES QUE REALIZA<\/span><\/h4>\n<ul>\n<li style=\"list-style-type: none;\">\n<ul>\n<li style=\"list-style-type: none;\">\n<ul>\n<li style=\"list-style-type: none;\">\n<ul>\n<li><span style=\"color: #000000;\">Ejecuta y administra programas de bienestar social.<\/span><\/li>\n<li><span style=\"color: #000000;\">Identifica y canaliza problemas individuales.<\/span><\/li>\n<li><span style=\"color: #000000;\">Organiza grupos sociales.<\/span><\/li>\n<li><span style=\"color: #000000;\">Dise\u00f1a y ejecuta programas de desarrollo comunitario.<\/span><\/li>\n<li><span style=\"color: #000000;\">Etc.<\/span><\/li>\n<\/ul>\n<\/li>\n<\/ul>\n<\/li>\n<\/ul>\n<\/li>\n<\/ul>\n<p><span style=\"color: #000000;\">La Licenciatura en Trabajo Social modalidad escolarizada tiene una duraci\u00f3n de 8 semestres.<\/span><\/p>\n<p style=\"padding-left: 40px;\"><span style=\"color: #000000;\">Horarios de clase:<\/span><\/p>\n<ul>\n<li style=\"list-style-type: none;\">\n<ul>\n<li style=\"list-style-type: none;\">\n<ul>\n<li><span style=\"color: #000000;\">Matutino: 7:00 a 14:00 horas.<\/span><\/li>\n<li><span style=\"color: #000000;\">Vespertino: 14:00 a 20:00 horas.<\/span><\/li>\n<\/ul>\n<\/li>\n<\/ul>\n<\/li>\n<\/ul>\n","protected":false},"excerpt":{"rendered":"<p>Perfil De Egreso El Licenciado en Trabajo Social se concibe con una formaci\u00f3n amplia, hol\u00edstica en el sentido humano, con habilidades practicas y una conciencia social mayor que otros profesionistas, por el cumulo de conocimientos te\u00f3ricos, pr\u00e1cticos, metodol\u00f3gicos y t\u00e9cnicos, as\u00ed como por su formaci\u00f3n en valores, que sin ser un eje transversal explicito, le&hellip; <br \/> <a class=\"read-more\" href=\"https:\/\/fts.uas.edu.mx\/?page_id=739\">Leer m\u00e1s<\/a><\/p>\n","protected":false},"author":4,"featured_media":0,"parent":0,"menu_order":0,"comment_status":"closed","ping_status":"closed","template":"","meta":{"_vp_format_video_url":"","_vp_image_focal_point":[],"footnotes":""},"class_list":["post-739","page","type-page","status-publish","hentry"],"_links":{"self":[{"href":"https:\/\/fts.uas.edu.mx\/index.php?rest_route=\/wp\/v2\/pages\/739","targetHints":{"allow":["GET"]}}],"collection":[{"href":"https:\/\/fts.uas.edu.mx\/index.php?rest_route=\/wp\/v2\/pages"}],"about":[{"href":"https:\/\/fts.uas.edu.mx\/index.php?rest_route=\/wp\/v2\/types\/page"}],"author":[{"embeddable":true,"href":"https:\/\/fts.uas.edu.mx\/index.php?rest_route=\/wp\/v2\/users\/4"}],"replies":[{"embeddable":true,"href":"https:\/\/fts.uas.edu.mx\/index.php?rest_route=%2Fwp%2Fv2%2Fcomments&post=739"}],"version-history":[{"count":22,"href":"https:\/\/fts.uas.edu.mx\/index.php?rest_route=\/wp\/v2\/pages\/739\/revisions"}],"predecessor-version":[{"id":2487,"href":"https:\/\/fts.uas.edu.mx\/index.php?rest_route=\/wp\/v2\/pages\/739\/revisions\/2487"}],"wp:attachment":[{"href":"https:\/\/fts.uas.edu.mx\/index.php?rest_route=%2Fwp%2Fv2%2Fmedia&parent=739"}],"curies":[{"name":"wp","href":"https:\/\/api.w.org\/{rel}","templated":true}]}}