{"id":716,"date":"2019-02-28T22:58:18","date_gmt":"2019-03-01T05:58:18","guid":{"rendered":"http:\/\/fts.uas.edu.mx\/?page_id=716"},"modified":"2023-06-29T12:57:34","modified_gmt":"2023-06-29T19:57:34","slug":"normatividad-2","status":"publish","type":"page","link":"https:\/\/fts.uas.edu.mx\/?page_id=716","title":{"rendered":"NORMATIVIDAD"},"content":{"rendered":"<ul>\n<li>\n<h4><strong>Marco Jur\u00eddico UAS<\/strong><\/h4>\n<\/li>\n<\/ul>\n<p style=\"text-align: left; padding-left: 40px;\"><a href=\"https:\/\/fts.uas.edu.mx\/wp-content\/uploads\/2019\/03\/Ley_Organica.pdf\" target=\"\u201dblank\u201d\" rel=\"noopener noreferrer\">Ley Org\u00e1nica y Estatuto General<\/a><\/p>\n<p style=\"text-align: left; padding-left: 40px;\"><a href=\"https:\/\/fts.uas.edu.mx\/wp-content\/uploads\/2019\/03\/CONTRATO_COLECTIVO-2002.pdf\" target=\"\u201dblank\u201d rel=\" rel=\"noopener\">Contrato Colectivo De Trabajo<\/a><\/p>\n<hr \/>\n<hr \/>\n<ul>\n<li>\n<h4><strong>Reglamentos Generales Institucionales<\/strong><\/h4>\n<\/li>\n<\/ul>\n<p style=\"text-align: left; padding-left: 40px;\"><a href=\"https:\/\/fts.uas.edu.mx\/wp-content\/uploads\/2019\/03\/reglamentoFuncionesAutoridades.pdf\" target=\"\u201dblank\u201d rel=\" rel=\"noopener\">Reglamento de Funcionamiento de las Autoridades Universitarias Colegiadas<\/a><\/p>\n<p style=\"text-align: left; padding-left: 40px;\"><a href=\"https:\/\/fts.uas.edu.mx\/wp-content\/uploads\/2019\/03\/reglamento_CPP.pdf\" target=\"\u201dblank\u201d rel=\" rel=\"noopener\">Reglamento de la Comisi\u00f3n Permanente de Postulaci\u00f3n del H. Consejo Universitario<\/a><\/p>\n<p style=\"padding-left: 40px;\"><a href=\"https:\/\/fts.uas.edu.mx\/wp-content\/uploads\/2019\/03\/reglamentoEscolar.pdf\" target=\"\u201dblank\u201d rel=\" rel=\"noopener\">Reglamento Escolar<\/a><\/p>\n<p style=\"padding-left: 40px;\"><a href=\"https:\/\/fts.uas.edu.mx\/wp-content\/uploads\/2019\/03\/Reglamento_de_servicio_social.pdf\" target=\"\u201dblank\u201d rel=\" rel=\"noopener\">Reglamento de Servicio Social<\/a><\/p>\n<p style=\"padding-left: 40px;\"><a href=\"https:\/\/fts.uas.edu.mx\/wp-content\/uploads\/2019\/03\/personalAcad.pdf\" target=\"\u201dblank\u201d rel=\" rel=\"noopener\">Reglamento del Personal Acad\u00e9mico<\/a><\/p>\n<p style=\"padding-left: 40px;\"><a href=\"https:\/\/fts.uas.edu.mx\/wp-content\/uploads\/2019\/03\/reglamentoPosgrado.pdf\" target=\"\u201dblank\u201d rel=\" rel=\"noopener\">Reglamento de Posgrado<\/a><\/p>\n<p style=\"padding-left: 40px;\"><a href=\"https:\/\/fts.uas.edu.mx\/wp-content\/uploads\/2019\/03\/Reglamento_Tutorias.pdf\" target=\"\u201dblank\u201d rel=\" rel=\"noopener\">Reglamento de Tutor\u00edas<\/a><\/p>\n<p style=\"padding-left: 40px;\"><a href=\"https:\/\/fts.uas.edu.mx\/wp-content\/uploads\/2019\/03\/Reglamento_de_intercambio_y_movilidad_academica.pdf\" target=\"\u201dblank\u201d rel=\" rel=\"noopener\">Reglamento de Intercambio y Movilidad Acad\u00e9mica<\/a><\/p>\n<p style=\"padding-left: 40px;\"><a href=\"https:\/\/fts.uas.edu.mx\/wp-content\/uploads\/2019\/03\/instructivoTitulacion.pdf\" target=\"\u201dblank\u201d rel=\" rel=\"noopener\">Instructivo de Titulaci\u00f3n<\/a><\/p>\n<p style=\"padding-left: 40px;\"><a href=\"https:\/\/fts.uas.edu.mx\/wp-content\/uploads\/2019\/03\/Codigo_de_Etica.pdf\" target=\"\u201dblank\u201d rel=\" rel=\"noopener\">C\u00f3digo de \u00c9tica<\/a><\/p>\n<hr \/>\n<ul>\n<li>\n<h4><strong>Reglamentos Internos<\/strong><\/h4>\n<\/li>\n<\/ul>\n<p style=\"padding-left: 40px;\"><a href=\"https:\/\/fts.uas.edu.mx\/wp-content\/uploads\/2019\/03\/3.3.1.B-Reglamento-de-Pr\u00e1cticas.pdf\" target=\"\u201dblank\u201d rel=\" rel=\"noopener\">Reglamento de Pr\u00e1cticas<\/a><\/p>\n<p style=\"padding-left: 40px;\"><a href=\"https:\/\/fts.uas.edu.mx\/wp-content\/uploads\/2019\/03\/Reglamento-de-biblioteca.pdf\" target=\"\u201dblank\u201d rel=\" rel=\"noopener\">Reglamento de Biblioteca<\/a><\/p>\n<p style=\"padding-left: 40px;\"><a href=\"https:\/\/fts.uas.edu.mx\/wp-content\/uploads\/2019\/03\/Reglamento-de-centro-de-computo.pdf\" target=\"\u201dblank\u201d rel=\" rel=\"noopener\">Reglamento de Centro de Computo<\/a><\/p>\n<p>&nbsp;<\/p>\n","protected":false},"excerpt":{"rendered":"<p>Marco Jur\u00eddico UAS Ley Org\u00e1nica y Estatuto General Contrato Colectivo De Trabajo Reglamentos Generales Institucionales Reglamento de Funcionamiento de las Autoridades Universitarias Colegiadas Reglamento de la Comisi\u00f3n Permanente de Postulaci\u00f3n del H. Consejo Universitario Reglamento Escolar Reglamento de Servicio Social Reglamento del Personal Acad\u00e9mico Reglamento de Posgrado Reglamento de Tutor\u00edas Reglamento de Intercambio y Movilidad&hellip; <br \/> <a class=\"read-more\" href=\"https:\/\/fts.uas.edu.mx\/?page_id=716\">Leer m\u00e1s<\/a><\/p>\n","protected":false},"author":4,"featured_media":0,"parent":0,"menu_order":0,"comment_status":"closed","ping_status":"closed","template":"","meta":{"_vp_format_video_url":"","_vp_image_focal_point":[],"footnotes":""},"class_list":["post-716","page","type-page","status-publish","hentry"],"_links":{"self":[{"href":"https:\/\/fts.uas.edu.mx\/index.php?rest_route=\/wp\/v2\/pages\/716","targetHints":{"allow":["GET"]}}],"collection":[{"href":"https:\/\/fts.uas.edu.mx\/index.php?rest_route=\/wp\/v2\/pages"}],"about":[{"href":"https:\/\/fts.uas.edu.mx\/index.php?rest_route=\/wp\/v2\/types\/page"}],"author":[{"embeddable":true,"href":"https:\/\/fts.uas.edu.mx\/index.php?rest_route=\/wp\/v2\/users\/4"}],"replies":[{"embeddable":true,"href":"https:\/\/fts.uas.edu.mx\/index.php?rest_route=%2Fwp%2Fv2%2Fcomments&post=716"}],"version-history":[{"count":39,"href":"https:\/\/fts.uas.edu.mx\/index.php?rest_route=\/wp\/v2\/pages\/716\/revisions"}],"predecessor-version":[{"id":2494,"href":"https:\/\/fts.uas.edu.mx\/index.php?rest_route=\/wp\/v2\/pages\/716\/revisions\/2494"}],"wp:attachment":[{"href":"https:\/\/fts.uas.edu.mx\/index.php?rest_route=%2Fwp%2Fv2%2Fmedia&parent=716"}],"curies":[{"name":"wp","href":"https:\/\/api.w.org\/{rel}","templated":true}]}}