{"id":537,"date":"2019-02-22T23:37:51","date_gmt":"2019-02-23T06:37:51","guid":{"rendered":"http:\/\/fts.uas.edu.mx\/?page_id=537"},"modified":"2023-09-26T17:42:35","modified_gmt":"2023-09-27T00:42:35","slug":"mesmerize","status":"publish","type":"page","link":"https:\/\/fts.uas.edu.mx\/","title":{"rendered":"PRINCIPAL"},"content":{"rendered":"<div  data-label=\"Overlappable\" data-id=\"overlappable--1\" data-export-id=\"overlappable-4\" data-category=\"overlappable\" class=\"overlappable-4 content-section content-section-spacing\" data-overlap=\"true\" id=\"overlappable-1\" style=\"background-color: #ffffff;\">\n<div  class=\"\">\n<div  data-type=\"row\" class=\"row spaced-cols text-center content-center-sm center-sm\">\n<div  class=\"col-sm-4 col-padding col-xs-4 col-md-2 \">\n\n<a data-cp-link=\"1\" href=\"https:\/\/ale.uas.edu.mx\" target=\"_blank\" rel=\"noopener\" class=\"\"><i  class=\"fa icon shadow-large-black aligncenter color1 fa-briefcase reverse round large\"><\/i><\/a>\n<div  data-type=\"column\" class=\"\">\n<h5  class=\"\">CREDITOS<\/h5>\n<p  class=\"\">Portafolio de Actividades de Libre Elecci\u00f3n<\/p>\n\n<\/div>\n<\/div>\n<div  class=\"col-sm-4 col-padding col-xs-4 col-md-2 \">\n\n<a data-cp-link=\"1\" href=\"https:\/\/fts.uas.edu.mx?page_id=726\" target=\"_self\" rel=\"noopener\"><i  class=\"fa icon shadow-large-black aligncenter color1 fa-mortar-board reverse round large\"><\/i><\/a>\n<div  data-type=\"column\" class=\"\">\n<h5  class=\"\">POSGRADO<\/h5>\n<p  class=\"\">Maestr\u00eda y Doctorado En Trabajo Social<\/p>\n\n<\/div>\n<\/div>\n<div  class=\"col-sm-4 col-padding col-xs-4 col-md-2 \">\n\n<a data-cp-link=\"1\" href=\"https:\/\/fts.uas.edu.mx?page_id=2347\" target=\"_blank\" rel=\"noopener\" class=\"\"><i  class=\"fa icon shadow-large-black aligncenter color1 fa-users reverse round large\"><\/i><\/a>\n<div  data-type=\"column\" class=\"\">\n<h5  class=\"\">SERVICIO SOCIAL<\/h5>\n<p  class=\"\">Direcci\u00f3n General de Servicio Social UAS<\/p>\n\n<\/div>\n<\/div>\n<div  class=\"col-sm-4 col-padding col-xs-4 col-md-2 \">\n\n<a data-cp-link=\"1\" href=\"https:\/\/siia.uasnet.mx\/alumnos\" target=\"_self\" rel=\"noopener\" class=\"\"><i  class=\"fa icon shadow-large-black aligncenter color1 fa-clone reverse round large\"><\/i><\/a>\n<div  data-type=\"column\" class=\"\">\n<h5  class=\"\">CONTROL ESCOLAR<\/h5>\n<p  class=\"\">Sistema de Control Escolar UAS-SACE<\/p>\n\n<\/div>\n<\/div>\n<div  class=\"col-sm-4 col-padding col-xs-4 col-md-2 \">\n\n<a data-cp-link=\"1\" href=\"https:\/\/fts.uas.edu.mx\" target=\"_blank\" rel=\"noopener\" class=\"\"><i  class=\"fa icon shadow-large-black aligncenter color1 fa-newspaper-o reverse round large\"><\/i><\/a>\n<div  data-type=\"column\" class=\"\">\n<h5  class=\"\">NOTICIAS Y EVENTOS<\/h5>\n<p  class=\"\">Noticias y eventos m\u00e1s recientes en Trabajo Social<\/p>\n\n<\/div>\n<\/div><\/div>\n<\/div>\n<\/div><div  data-label=\"Noticias y Eventos\" data-id=\"team--1\" data-export-id=\"team-2\" data-category=\"team\" class=\"team-2 content-section content-section-spacing\" id=\"noticias-y-eventos\" style=\"background-color: #f5fafd; background-image: none;\">\n<div  class=\"\">\n<div  class=\"row text-center\">\n<div  class=\"section-title-col\" data-type=\"column\">\n<h2  class=\"\"><em >Noticias<\/em><\/h2>\n<\/div>\n<\/div>\n<div  class=\"row spaced-cols content-center-sm center-sm\" data-type=\"row\">\n\n<div  class=\"col-sm-4 col-md-2 \">\n<div  class=\"card y-move no-padding bordered\">\n\n<a data-cp-link=\"1\" href=\"https:\/\/www.facebook.com\/media\/set?vanity=100063770581434&amp;set=a.706491671486513\" target=\"_blank\" rel=\"noopener\" class=\"\"><img  decoding=\"async\" class=\"face jetpack-lazy-image jetpack-lazy-image--handled alignnone\" src=\"https:\/\/fts.uas.edu.mx\/wp-content\/uploads\/2023\/06\/Rally_2023.jpg\" title=\"Convocatoria: Educaci\u00f3n Superior y Realidades de G\u00e9nero\" alt=\"\" data-lazy-loaded=\"1\"><\/a>\n<div  data-type=\"column\" class=\"col-padding-small col-padding-small-xs description-container\">\n<h4  class=\"\">Rally 2023<\/h4>\n<\/div>\n<\/div>\n<\/div><div  class=\"col-sm-4 col-md-2 \">\n<div  class=\"card y-move no-padding bordered\">\n\n<a data-cp-link=\"1\" href=\"https:\/\/fts.uas.edu.mx?page_id=1687\" target=\"_blank\" rel=\"noopener\" class=\"\"><img  decoding=\"async\" class=\"face jetpack-lazy-image jetpack-lazy-image--handled\" src=\"https:\/\/i0.wp.com\/fts.uas.edu.mx\/wp-content\/uploads\/2022\/02\/1-CONVOCATORIA.jpeg?w=3840\" title=\"act marzo 2022\" alt=\"\" data-lazy-loaded=\"1\"><\/a>\n<div  data-type=\"column\" class=\"col-padding-small col-padding-small-xs description-container\">\n<h4  class=\"\">IV CONGRESO NACIONAL E INTERNACIONAL DE INVESTIGACION EN TRABAJO SOCIAL<\/h4>\n<\/div>\n<\/div>\n<\/div>\n\n\n<div  class=\"col-sm-4 col-md-2 \">\n<div  class=\"card y-move no-padding bordered\">\n\n<a data-cp-link=\"1\" href=\"https:\/\/i0.wp.com\/fts.uas.edu.mx\/wp-content\/uploads\/2022\/03\/felicitacion1.jpeg\" target=\"_blank\" rel=\"noopener\" class=\"\"><img  decoding=\"async\" class=\"face jetpack-lazy-image jetpack-lazy-image--handled\" src=\"https:\/\/i0.wp.com\/fts.uas.edu.mx\/wp-content\/uploads\/2022\/03\/felicitacion1.jpeg?w=3840\" title=\"CONVOCATORIA-ACANITS-2022\" alt=\"\" data-lazy-loaded=\"1\"><\/a>\n<div  data-type=\"column\" class=\"col-padding-small col-padding-small-xs description-container\"><\/div>\n<\/div>\n<\/div>\n<div  class=\"col-sm-4 col-md-2 \">\n<div  class=\"card y-move no-padding bordered\">\n\n<a data-cp-link=\"1\" href=\"https:\/\/i0.wp.com\/fts.uas.edu.mx\/wp-content\/uploads\/2022\/10\/CONVOCATORIA-EDUCACION-SUPERIOR-Y-GENERO.jpg\" rel=\"noopener\" target=\"_blank\" class=\"\"><img loading=\"lazy\"  loading=\"lazy\" decoding=\"async\" class=\"face jetpack-lazy-image jetpack-lazy-image--handled alignnone\" src=\"https:\/\/i0.wp.com\/fts.uas.edu.mx\/wp-content\/uploads\/2022\/10\/CONVOCATORIA-EDUCACION-SUPERIOR-Y-GENERO.jpg?resize=1240%2C1620\" title=\"Convocatoria: Educaci\u00f3n Superior y Realidades de G\u00e9nero\" alt=\"\" data-lazy-loaded=\"1\" width=\"359\" height=\"469\"><\/a>\n<div  data-type=\"column\" class=\"col-padding-small col-padding-small-xs description-container\">\n<h4  class=\"\">CONVOCATORIA: Educaci\u00f3n Superior y Realidades de Genero<\/h4>\n<\/div>\n<\/div>\n<\/div>\n<div  class=\"col-sm-4 col-md-2 \">\n<div  class=\"card y-move no-padding bordered\">\n\n<a data-cp-link=\"1\" href=\"https:\/\/fts.uas.edu.mx\/wp-content\/uploads\/2023\/09\/Doctorado-convocatoria.jpg\" target=\"_blank\" rel=\"noopener\" class=\"\"><img  decoding=\"async\" class=\"face jetpack-lazy-image jetpack-lazy-image--handled alignnone\" src=\"https:\/\/fts.uas.edu.mx\/wp-content\/uploads\/2023\/09\/cropped-Doctorado-convocatoria.jpg\" title=\"Convocatoria: Educaci\u00f3n Superior y Realidades de G\u00e9nero\" alt=\"\" data-lazy-loaded=\"1\"><\/a>\n<div  data-type=\"column\" class=\"col-padding-small col-padding-small-xs description-container\">\n<h4  class=\"\">Convocatoria Doctorado<\/h4>\n<\/div>\n<\/div>\n<\/div><div  class=\"col-sm-4 col-md-2 \">\n<div  class=\"card y-move no-padding bordered\">\n\n<a data-cp-link=\"1\" href=\"https:\/\/fts.uas.edu.mx\/wp-content\/uploads\/2023\/09\/Maestria-Convocatoria.jpg\" target=\"_blank\" rel=\"noopener\" class=\"\"><img  decoding=\"async\" class=\"face jetpack-lazy-image jetpack-lazy-image--handled alignnone\" src=\"https:\/\/fts.uas.edu.mx\/wp-content\/uploads\/2023\/09\/cropped-Maestria-Convocatoria.jpg\" title=\"Convocatoria: Educaci\u00f3n Superior y Realidades de G\u00e9nero\" alt=\"\" data-lazy-loaded=\"1\"><\/a>\n<div  data-type=\"column\" class=\"col-padding-small col-padding-small-xs description-container\">\n<h4  class=\"\">Convocatoria Maestr\u00eda<\/h4>\n<\/div>\n<\/div>\n<\/div><\/div>\n<\/div>\n<\/div><div  data-label=\"Eventos\" data-id=\"features--1\" data-export-id=\"features-16\" data-category=\"features\" class=\"features-16 content-section content-section-spacing\" id=\"eventos\" style=\"background-color: rgb(245, 250, 253);\"><div  class=\"\"> <div  class=\"row text-center\"><div  class=\"section-title-col\" data-type=\"column\"> <h2  class=\"\">Eventos<\/h2> <\/div> <\/div> <div  class=\"row spaced-cols center-sm content-center-sm\" data-type=\"row\"> <div  class=\"col-xs-12 col-sm-6 space-bottom col-md-2 \"> <img  decoding=\"async\" class=\"face\" src=\"https:\/\/fts.uas.edu.mx\/wp-content\/plugins\/mesmerize-companion\/theme-data\/mesmerize\/sections\/images\/computer-2569652.jpg\"> <div  data-type=\"column\" class=\"col-padding-small col-padding-small-xs description-container\"> <h4  class=\"font-500\">Responsive design<\/h4> <p  class=\"\">Lorem ipsum dolor sit amet, consectetur adipiscing elit, sed do eiusmod tempor incididunt ut labore et dolore magna aliqua. Ut enim ad minim veniam, quis nostrud exercitation.<\/p> <a  class=\"read-more\">learn more<\/a><\/div> <\/div> <div  class=\"col-xs-12 col-sm-6 space-bottom col-md-2 \"> <img  decoding=\"async\" class=\"face\" src=\"https:\/\/fts.uas.edu.mx\/wp-content\/plugins\/mesmerize-companion\/theme-data\/mesmerize\/sections\/images\/apple-1838564.jpg\"> <div  data-type=\"column\" class=\"col-padding-small col-padding-small-xs description-container\"> <h4  class=\"font-500\">Responsive design<\/h4> <p  class=\"\">Lorem ipsum dolor sit amet, consectetur adipiscing elit, sed do eiusmod tempor incididunt ut labore et dolore magna aliqua. Ut enim ad minim veniam, quis nostrud exercitation.<\/p> <a  class=\"read-more\">learn more<\/a><\/div> <\/div> <div  class=\"col-xs-12 col-sm-6 space-bottom col-md-2 \"> <img  decoding=\"async\" class=\"face\" src=\"https:\/\/fts.uas.edu.mx\/wp-content\/plugins\/mesmerize-companion\/theme-data\/mesmerize\/sections\/images\/laptop-2559795.jpg\"> <div  data-type=\"column\" class=\"col-padding-small col-padding-small-xs description-container\"> <h4  class=\"font-500\">Responsive design<\/h4> <p  class=\"\">Lorem ipsum dolor sit amet, consectetur adipiscing elit, sed do eiusmod tempor incididunt ut labore et dolore magna aliqua. Ut enim ad minim veniam, quis nostrud exercitation.<\/p> <a  class=\"read-more\">learn more<\/a><\/div> <\/div><\/div> <\/div><\/div><div  data-label=\"About\" data-id=\"about--1\" data-export-id=\"about-10\" data-category=\"about\" class=\"about-10 content-section content-section-spacing\" id=\"about-1\" style=\"background-color: rgb(255, 255, 255);\"><div  class=\"gridContainer\"> <div  class=\"row middle-sm text-center\"><div  class=\"col-sm-5 space-bottom-xs content-column content-center-sm\" data-type=\"column\"> <h5  class=\"\">Directora de la Facultad de Trabajo Social<\/h5> <h2  class=\"\">Dr. Gloria Isabel Camacho Bejarano<\/h2>  <\/div> <div  class=\"col-sm-7 flexbox middle-xs center-xs space-bottom-xs\"><div  class=\"overlay-box middle-xs center-xs flexbox\"> <div  class=\"overlay-box-offset shadow-medium border-color1 hide-xs offset-border\"><\/div> <img  decoding=\"async\" class=\"shadow-large\" data-size=\"485x705\" src=\"https:\/\/fts.uas.edu.mx\/wp-content\/uploads\/2023\/06\/IMG_20230118_120849-scaled.jpg\" title=\"IMG_20230118_120849\" alt=\"\"><\/div> <\/div><\/div> <\/div><\/div>","protected":false},"excerpt":{"rendered":"<p>CREDITOS Portafolio de Actividades de Libre Elecci\u00f3n POSGRADO Maestr\u00eda y Doctorado En Trabajo Social SERVICIO SOCIAL Direcci\u00f3n General de Servicio Social UAS CONTROL ESCOLAR Sistema de Control Escolar UAS-SACE NOTICIAS Y EVENTOS Noticias y eventos m\u00e1s recientes en Trabajo Social Noticias Rally 2023 IV CONGRESO NACIONAL E INTERNACIONAL DE INVESTIGACION EN TRABAJO SOCIAL CONVOCATORIA: Educaci\u00f3n&hellip; <br \/> <a class=\"read-more\" href=\"https:\/\/fts.uas.edu.mx\/\">Leer m\u00e1s<\/a><\/p>\n","protected":false},"author":4,"featured_media":0,"parent":0,"menu_order":0,"comment_status":"closed","ping_status":"closed","template":"","meta":{"_vp_format_video_url":"","_vp_image_focal_point":[],"footnotes":""},"class_list":["post-537","page","type-page","status-publish","hentry"],"_links":{"self":[{"href":"https:\/\/fts.uas.edu.mx\/index.php?rest_route=\/wp\/v2\/pages\/537","targetHints":{"allow":["GET"]}}],"collection":[{"href":"https:\/\/fts.uas.edu.mx\/index.php?rest_route=\/wp\/v2\/pages"}],"about":[{"href":"https:\/\/fts.uas.edu.mx\/index.php?rest_route=\/wp\/v2\/types\/page"}],"author":[{"embeddable":true,"href":"https:\/\/fts.uas.edu.mx\/index.php?rest_route=\/wp\/v2\/users\/4"}],"replies":[{"embeddable":true,"href":"https:\/\/fts.uas.edu.mx\/index.php?rest_route=%2Fwp%2Fv2%2Fcomments&post=537"}],"version-history":[{"count":141,"href":"https:\/\/fts.uas.edu.mx\/index.php?rest_route=\/wp\/v2\/pages\/537\/revisions"}],"predecessor-version":[{"id":2549,"href":"https:\/\/fts.uas.edu.mx\/index.php?rest_route=\/wp\/v2\/pages\/537\/revisions\/2549"}],"wp:attachment":[{"href":"https:\/\/fts.uas.edu.mx\/index.php?rest_route=%2Fwp%2Fv2%2Fmedia&parent=537"}],"curies":[{"name":"wp","href":"https:\/\/api.w.org\/{rel}","templated":true}]}}