{"id":2347,"date":"2023-06-14T19:36:11","date_gmt":"2023-06-15T02:36:11","guid":{"rendered":"https:\/\/fts.uas.edu.mx\/?page_id=2347"},"modified":"2023-06-29T12:58:44","modified_gmt":"2023-06-29T19:58:44","slug":"servicio-social","status":"publish","type":"page","link":"https:\/\/fts.uas.edu.mx\/?page_id=2347","title":{"rendered":"SERVICIO SOCIAL"},"content":{"rendered":"\t\t<div data-elementor-type=\"wp-page\" data-elementor-id=\"2347\" class=\"elementor elementor-2347\">\n\t\t\t\t\t\t<section class=\"elementor-section elementor-top-section elementor-element elementor-element-ed364ac elementor-section-boxed elementor-section-height-default elementor-section-height-default\" data-id=\"ed364ac\" data-element_type=\"section\">\n\t\t\t\t\t\t<div class=\"elementor-container elementor-column-gap-default\">\n\t\t\t\t\t<div class=\"elementor-column elementor-col-100 elementor-top-column elementor-element elementor-element-42b2a11\" data-id=\"42b2a11\" data-element_type=\"column\">\n\t\t\t<div class=\"elementor-widget-wrap elementor-element-populated\">\n\t\t\t\t\t\t<div class=\"elementor-element elementor-element-7ec9f4d elementor-widget elementor-widget-text-editor\" data-id=\"7ec9f4d\" data-element_type=\"widget\" data-widget_type=\"text-editor.default\">\n\t\t\t\t<div class=\"elementor-widget-container\">\n\t\t\t\t\t\t\t\t\t<h3><span style=\"color: #000000;\"><strong>Fechas de convocatoria por a\u00f1o:<\/strong><\/span><\/h3>\n<p><font color=\"#999999\"><i>Mayo- para iniciar en agosto su servicio social<\/i><\/font><\/p><p><i style=\"color: rgb(153, 153, 153);\">Noviembre- para iniciar en febrero su servicio social.&nbsp;<\/i><br><\/p>\n<p>El Servicio Social Universitario es uno de los requisitos indispensables para obtener el t\u00edtulo profesional. Su cumplimiento por disposici\u00f3n legal, es de car\u00e1cter obligatorio en sus distintos niveles y modalidades.<\/p>\n<h3><strong><span style=\"color: #000000;\">Requisitos:&nbsp;<\/span><\/strong><\/h3>\n<p><font color=\"#999999\">Para realizar el Servicio Social Universitario, los estudiantes actuales o en condici\u00f3n de egreso, deber\u00e1n reunir:<\/font><br><\/p>\n<p>1.- Haber acreditado cuando menos el 70% programa escolarizada y 100% para el programa de semiescolarizada de los cr\u00e9ditos acad\u00e9micos considerados en el plan de estudios que se encuentra inscrito.<\/p>\n<p>2.- Presentar la solicitud v\u00eda electr\u00f3nica en la Unidad Acad\u00e9mica a la que pertenece, y ante la dependencia de servicio social que corresponda.<\/p>\n<p>3.- Acreditar el seminario para el compromiso \u00e9tico universitario y la inclusi\u00f3n social.<\/p>\n<p>4.- Presentar la documentaci\u00f3n que se establezca en la convocatoria y en los lineamientos del manual correspondiente.<\/p>\n<p>5.- Estar registrados en el SASS-UAS y asignado por el colegio de acuerdo al \u00e1rea af\u00edn del conocimiento correspondiente.<\/p>\n<p>6.- Aprobaci\u00f3n y presentaci\u00f3n del proyecto de servicio social en su primer informe mensual.<\/p>\t\t\t\t\t\t\t\t<\/div>\n\t\t\t\t<\/div>\n\t\t\t\t\t<\/div>\n\t\t<\/div>\n\t\t\t\t\t<\/div>\n\t\t<\/section>\n\t\t\t\t<section class=\"elementor-section elementor-top-section elementor-element elementor-element-a4af35c elementor-section-boxed elementor-section-height-default elementor-section-height-default\" data-id=\"a4af35c\" data-element_type=\"section\">\n\t\t\t\t\t\t<div class=\"elementor-container elementor-column-gap-default\">\n\t\t\t\t\t<div class=\"elementor-column elementor-col-100 elementor-top-column elementor-element elementor-element-1663347\" data-id=\"1663347\" data-element_type=\"column\">\n\t\t\t<div class=\"elementor-widget-wrap elementor-element-populated\">\n\t\t\t\t\t\t<div class=\"elementor-element elementor-element-8146a46 elementor-widget elementor-widget-text-editor\" data-id=\"8146a46\" data-element_type=\"widget\" data-widget_type=\"text-editor.default\">\n\t\t\t\t<div class=\"elementor-widget-container\">\n\t\t\t\t\t\t\t\t\t<h3 style=\"margin-bottom: .0001pt; line-height: normal;\"><b>Art\u00edculo 5.<\/b><\/h3><p>Es la realizaci\u00f3n obligatoria de actividades temporales que ejecuten las y los estudiantes y en condici\u00f3n egreso de carrera t\u00e9cnica y profesionales, tendientes en la aplicaci\u00f3n de los conocimientos que hayan obtenido y que impliquen el ejercicio de la pr\u00e1ctica profesional en beneficio o en inter\u00e9s de la sociedad.<\/p><h3><b>Art\u00edculo 4.<\/b><\/h3><p>El Servicio Social Universitario es uno de los requisitos indispensables para obtener el t\u00edtulo profesional. Su cumplimiento por disposici\u00f3n legal, es de car\u00e1cter obligatorio en sus distintos niveles y modalidades.<\/p><h3><b>Art\u00edculo 18<\/b><\/h3><p>Estudiantes o egresados (as) en la prestaci\u00f3n de servicio social.<\/p><p>El servicio social universitario tendr\u00e1 una duraci\u00f3n no menor de seis meses, ni mayor de dos a\u00f1os. cuando se contabilice en horas ser\u00e1 como m\u00ednima de 480 horas.<\/p><p>En el caso del servicio social universitario para las \u00e1reas de salud, la duraci\u00f3n m\u00ednima ser\u00e1 de un a\u00f1o. Cuando contabilice en horas la duraci\u00f3n ser\u00e1 m\u00ednima de 1000 horas.<\/p><h3><b>Art\u00edculo 19<\/b><\/h3><p>Para realizar el Servicio Social Universitario, los estudiantes actuales o en condici\u00f3n de egreso, deber\u00e1n reunir los siguientes requisitos:<\/p><p>1.- Haber acreditado cuando menos el 70% programa escolarizada y 100% para el programa de semiescolarizada de los cr\u00e9ditos acad\u00e9micos considerados en el plan de estudios que se encuentra inscrito.<br \/>2.- Presentar la solicitud v\u00eda electr\u00f3nica en la Unidad Acad\u00e9mica a la que pertenece, y ante la dependencia de servicio social que corresponda.<br \/>3.- Acreditar el seminario para el compromiso \u00e9tico universitario y la inclusi\u00f3n social.<br \/>4.- Presentar la documentaci\u00f3n que se establezca en la convocatoria y en los lineamientos del manual correspondiente.<br \/>5.- Estar registrados en el SASS-UAS y asignado por el colegio de acuerdo al \u00e1rea af\u00edn del conocimiento correspondiente.<br \/>6.- Aprobaci\u00f3n y presentaci\u00f3n del proyecto de servicio social en su primer informe mensual.<\/p>\t\t\t\t\t\t\t\t<\/div>\n\t\t\t\t<\/div>\n\t\t\t\t\t<\/div>\n\t\t<\/div>\n\t\t\t\t\t<\/div>\n\t\t<\/section>\n\t\t\t\t<section class=\"elementor-section elementor-top-section elementor-element elementor-element-154b037 elementor-section-boxed elementor-section-height-default elementor-section-height-default\" data-id=\"154b037\" data-element_type=\"section\">\n\t\t\t\t\t\t<div class=\"elementor-container elementor-column-gap-default\">\n\t\t\t\t\t<div class=\"elementor-column elementor-col-100 elementor-top-column elementor-element elementor-element-6f72e21\" data-id=\"6f72e21\" data-element_type=\"column\">\n\t\t\t<div class=\"elementor-widget-wrap elementor-element-populated\">\n\t\t\t\t\t\t<div class=\"elementor-element elementor-element-ffcfa57 elementor-widget elementor-widget-text-editor\" data-id=\"ffcfa57\" data-element_type=\"widget\" data-widget_type=\"text-editor.default\">\n\t\t\t\t<div class=\"elementor-widget-container\">\n\t\t\t\t\t\t\t\t\t<p><strong><span style=\"color: #808080;\">Contactos del d<\/span><\/strong><b style=\"color: #808080;\">epartamento: Servicio Social\u00a0<\/b><\/p><p><span style=\"color: #808080;\"><b>Coordinadora: <\/b>LTS. Hada Brizeth Aispuro Camacho.<\/span><\/p><p><b style=\"color: #808080;\">Correo electr\u00f3nico: <\/b>fts.serviciosocial@gmail.com\u00a0<\/p><p><span style=\"color: #808080;\"><b>Horario:<\/b><\/span><\/p><p><span style=\"color: #808080;\"><b>lunes a viernes<\/b> <strong>8:00 am a 5:00 pm\u00a0<\/strong><\/span><\/p><p><span style=\"color: #808080;\"><b>s\u00e1bado y domingo 8:00 am a 2:00 pm\u00a0<\/b><\/span><\/p><p><span style=\"color: #808080;\"><b>Tel: <\/b>667 7291101<\/span><\/p><div>\u00a0<\/div><p style=\"margin-bottom: .0001pt; line-height: normal;\">\u00a0<\/p>\t\t\t\t\t\t\t\t<\/div>\n\t\t\t\t<\/div>\n\t\t\t\t<div class=\"elementor-element elementor-element-3bd356c elementor-button-info elementor-align-center elementor-widget elementor-widget-button\" data-id=\"3bd356c\" data-element_type=\"widget\" data-widget_type=\"button.default\">\n\t\t\t\t<div class=\"elementor-widget-container\">\n\t\t\t\t\t\t\t\t\t<div class=\"elementor-button-wrapper\">\n\t\t\t\t\t<a class=\"elementor-button elementor-button-link elementor-size-sm\" href=\"http:\/\/ssocial.uas.edu.mx\/alumnos\/\" target=\"_blank\">\n\t\t\t\t\t\t<span class=\"elementor-button-content-wrapper\">\n\t\t\t\t\t\t\t\t\t<span class=\"elementor-button-text\">Direcci\u00f3n general de Servicio Social<\/span>\n\t\t\t\t\t<\/span>\n\t\t\t\t\t<\/a>\n\t\t\t\t<\/div>\n\t\t\t\t\t\t\t\t<\/div>\n\t\t\t\t<\/div>\n\t\t\t\t\t<\/div>\n\t\t<\/div>\n\t\t\t\t\t<\/div>\n\t\t<\/section>\n\t\t\t\t<\/div>\n\t\t","protected":false},"excerpt":{"rendered":"<p>Fechas de convocatoria por a\u00f1o: Mayo- para iniciar en agosto su servicio social Noviembre- para iniciar en febrero su servicio social.&nbsp; El Servicio Social Universitario es uno de los requisitos indispensables para obtener el t\u00edtulo profesional. Su cumplimiento por disposici\u00f3n legal, es de car\u00e1cter obligatorio en sus distintos niveles y modalidades. Requisitos:&nbsp; Para realizar el&hellip; <br \/> <a class=\"read-more\" href=\"https:\/\/fts.uas.edu.mx\/?page_id=2347\">Leer m\u00e1s<\/a><\/p>\n","protected":false},"author":9,"featured_media":0,"parent":0,"menu_order":0,"comment_status":"closed","ping_status":"closed","template":"","meta":{"_vp_format_video_url":"","_vp_image_focal_point":[],"footnotes":""},"class_list":["post-2347","page","type-page","status-publish","hentry"],"_links":{"self":[{"href":"https:\/\/fts.uas.edu.mx\/index.php?rest_route=\/wp\/v2\/pages\/2347","targetHints":{"allow":["GET"]}}],"collection":[{"href":"https:\/\/fts.uas.edu.mx\/index.php?rest_route=\/wp\/v2\/pages"}],"about":[{"href":"https:\/\/fts.uas.edu.mx\/index.php?rest_route=\/wp\/v2\/types\/page"}],"author":[{"embeddable":true,"href":"https:\/\/fts.uas.edu.mx\/index.php?rest_route=\/wp\/v2\/users\/9"}],"replies":[{"embeddable":true,"href":"https:\/\/fts.uas.edu.mx\/index.php?rest_route=%2Fwp%2Fv2%2Fcomments&post=2347"}],"version-history":[{"count":25,"href":"https:\/\/fts.uas.edu.mx\/index.php?rest_route=\/wp\/v2\/pages\/2347\/revisions"}],"predecessor-version":[{"id":2500,"href":"https:\/\/fts.uas.edu.mx\/index.php?rest_route=\/wp\/v2\/pages\/2347\/revisions\/2500"}],"wp:attachment":[{"href":"https:\/\/fts.uas.edu.mx\/index.php?rest_route=%2Fwp%2Fv2%2Fmedia&parent=2347"}],"curies":[{"name":"wp","href":"https:\/\/api.w.org\/{rel}","templated":true}]}}